{"id":22,"date":"2023-11-17T13:17:07","date_gmt":"2023-11-17T12:17:07","guid":{"rendered":"https:\/\/groupek.ch\/?page_id=22"},"modified":"2024-12-10T10:35:08","modified_gmt":"2024-12-10T09:35:08","slug":"kcom-entreprise-generale","status":"publish","type":"page","link":"https:\/\/groupek.ch\/","title":{"rendered":"Accueil"},"content":{"rendered":"\t\t<div data-elementor-type=\"wp-page\" data-elementor-id=\"22\" class=\"elementor elementor-22\" data-elementor-post-type=\"page\">\n\t\t\t\t<div class=\"elementor-element elementor-element-aa51b54 e-flex e-con-boxed e-con e-parent\" data-id=\"aa51b54\" data-element_type=\"container\" data-settings=\"{&quot;background_background&quot;:&quot;classic&quot;}\">\n\t\t\t\t\t<div class=\"e-con-inner\">\n\t\t\t\t<div class=\"elementor-element elementor-element-2db2652 elementor-widget elementor-widget-heading\" data-id=\"2db2652\" data-element_type=\"widget\" data-widget_type=\"heading.default\">\n\t\t\t\t<div class=\"elementor-widget-container\">\n\t\t\t<h2 class=\"elementor-heading-title elementor-size-default\">Le Groupe K comprend diff\u00e9rentes entreprises\nsp\u00e9cialis\u00e9es dans l\u2019\u00e9laboration, la construction, \nla r\u00e9novation et la r\u00e9alisation du b\u00e2timent.<\/h2>\t\t<\/div>\n\t\t\t\t<\/div>\n\t\t<div class=\"elementor-element elementor-element-2ca41d1 e-grid e-con-full elementor-hidden-desktop e-con e-child\" data-id=\"2ca41d1\" data-element_type=\"container\">\n\t\t\t\t<div class=\"elementor-element elementor-element-bd4f1cc elementor-widget elementor-widget-image\" data-id=\"bd4f1cc\" data-element_type=\"widget\" data-widget_type=\"image.default\">\n\t\t\t\t<div class=\"elementor-widget-container\">\n\t\t\t\t\t\t\t\t\t\t\t\t\t\t<a href=\"https:\/\/kesslersa.ch\/\" target=\"_blank\">\n\t\t\t\t\t\t\t<img fetchpriority=\"high\" decoding=\"async\" width=\"4168\" height=\"1392\" src=\"https:\/\/groupek.ch\/wp-content\/uploads\/2023\/11\/Logo-Kessler-Baseline-Blanc.png\" class=\"attachment-full size-full wp-image-461\" alt=\"\" srcset=\"https:\/\/groupek.ch\/wp-content\/uploads\/2023\/11\/Logo-Kessler-Baseline-Blanc.png 4168w, https:\/\/groupek.ch\/wp-content\/uploads\/2023\/11\/Logo-Kessler-Baseline-Blanc-300x100.png 300w, https:\/\/groupek.ch\/wp-content\/uploads\/2023\/11\/Logo-Kessler-Baseline-Blanc-1024x342.png 1024w, https:\/\/groupek.ch\/wp-content\/uploads\/2023\/11\/Logo-Kessler-Baseline-Blanc-768x256.png 768w, https:\/\/groupek.ch\/wp-content\/uploads\/2023\/11\/Logo-Kessler-Baseline-Blanc-1536x513.png 1536w, https:\/\/groupek.ch\/wp-content\/uploads\/2023\/11\/Logo-Kessler-Baseline-Blanc-2048x684.png 2048w\" sizes=\"(max-width: 4168px) 100vw, 4168px\" \/>\t\t\t\t\t\t\t\t<\/a>\n\t\t\t\t\t\t\t\t\t\t\t\t\t<\/div>\n\t\t\t\t<\/div>\n\t\t\t\t<div class=\"elementor-element elementor-element-c8851bc elementor-widget elementor-widget-image\" data-id=\"c8851bc\" data-element_type=\"widget\" data-widget_type=\"image.default\">\n\t\t\t\t<div class=\"elementor-widget-container\">\n\t\t\t\t\t\t\t\t\t\t\t\t\t\t<a href=\"https:\/\/kcom.ch\/\" target=\"_blank\">\n\t\t\t\t\t\t\t<img decoding=\"async\" width=\"553\" height=\"292\" src=\"https:\/\/groupek.ch\/wp-content\/uploads\/2023\/11\/K-com-web-blanc.png\" class=\"attachment-full size-full wp-image-106\" alt=\"\" srcset=\"https:\/\/groupek.ch\/wp-content\/uploads\/2023\/11\/K-com-web-blanc.png 553w, https:\/\/groupek.ch\/wp-content\/uploads\/2023\/11\/K-com-web-blanc-300x158.png 300w\" sizes=\"(max-width: 553px) 100vw, 553px\" \/>\t\t\t\t\t\t\t\t<\/a>\n\t\t\t\t\t\t\t\t\t\t\t\t\t<\/div>\n\t\t\t\t<\/div>\n\t\t\t\t<div class=\"elementor-element elementor-element-918ca97 elementor-widget elementor-widget-image\" data-id=\"918ca97\" data-element_type=\"widget\" data-widget_type=\"image.default\">\n\t\t\t\t<div class=\"elementor-widget-container\">\n\t\t\t\t\t\t\t\t\t\t\t\t\t\t<a href=\"https:\/\/vilarel.ch\/\" target=\"_blank\">\n\t\t\t\t\t\t\t<img decoding=\"async\" width=\"553\" height=\"292\" src=\"https:\/\/groupek.ch\/wp-content\/uploads\/2023\/11\/vilarel-web-blanc.png\" class=\"attachment-full size-full wp-image-108\" alt=\"\" srcset=\"https:\/\/groupek.ch\/wp-content\/uploads\/2023\/11\/vilarel-web-blanc.png 553w, https:\/\/groupek.ch\/wp-content\/uploads\/2023\/11\/vilarel-web-blanc-300x158.png 300w\" sizes=\"(max-width: 553px) 100vw, 553px\" \/>\t\t\t\t\t\t\t\t<\/a>\n\t\t\t\t\t\t\t\t\t\t\t\t\t<\/div>\n\t\t\t\t<\/div>\n\t\t\t\t<\/div>\n\t\t<div class=\"elementor-element elementor-element-2ae21cf e-grid e-con-full elementor-hidden-desktop e-con e-child\" data-id=\"2ae21cf\" data-element_type=\"container\">\n\t\t\t\t<div class=\"elementor-element elementor-element-14a2d44 elementor-widget elementor-widget-image\" data-id=\"14a2d44\" data-element_type=\"widget\" data-widget_type=\"image.default\">\n\t\t\t\t<div class=\"elementor-widget-container\">\n\t\t\t\t\t\t\t\t\t\t\t\t\t\t<a href=\"https:\/\/pfksarl.ch\/\" target=\"_blank\">\n\t\t\t\t\t\t\t<img loading=\"lazy\" decoding=\"async\" width=\"553\" height=\"292\" src=\"https:\/\/groupek.ch\/wp-content\/uploads\/2023\/11\/PFK-web-blanc.png\" class=\"attachment-full size-full wp-image-107\" alt=\"\" srcset=\"https:\/\/groupek.ch\/wp-content\/uploads\/2023\/11\/PFK-web-blanc.png 553w, https:\/\/groupek.ch\/wp-content\/uploads\/2023\/11\/PFK-web-blanc-300x158.png 300w\" sizes=\"(max-width: 553px) 100vw, 553px\" \/>\t\t\t\t\t\t\t\t<\/a>\n\t\t\t\t\t\t\t\t\t\t\t\t\t<\/div>\n\t\t\t\t<\/div>\n\t\t\t\t<div class=\"elementor-element elementor-element-37ff9a1 elementor-widget elementor-widget-image\" data-id=\"37ff9a1\" data-element_type=\"widget\" data-widget_type=\"image.default\">\n\t\t\t\t<div class=\"elementor-widget-container\">\n\t\t\t\t\t\t\t\t\t\t\t\t\t\t<a href=\"https:\/\/kimmobilier.ch\/\" target=\"_blank\">\n\t\t\t\t\t\t\t<img loading=\"lazy\" decoding=\"async\" width=\"4168\" height=\"3200\" src=\"https:\/\/groupek.ch\/wp-content\/uploads\/2024\/12\/Logo-K-immobilier-Baseline-Blanc.png\" class=\"attachment-full size-full wp-image-495\" alt=\"\" srcset=\"https:\/\/groupek.ch\/wp-content\/uploads\/2024\/12\/Logo-K-immobilier-Baseline-Blanc.png 4168w, https:\/\/groupek.ch\/wp-content\/uploads\/2024\/12\/Logo-K-immobilier-Baseline-Blanc-300x230.png 300w, https:\/\/groupek.ch\/wp-content\/uploads\/2024\/12\/Logo-K-immobilier-Baseline-Blanc-1024x786.png 1024w, https:\/\/groupek.ch\/wp-content\/uploads\/2024\/12\/Logo-K-immobilier-Baseline-Blanc-768x590.png 768w, https:\/\/groupek.ch\/wp-content\/uploads\/2024\/12\/Logo-K-immobilier-Baseline-Blanc-1536x1179.png 1536w, https:\/\/groupek.ch\/wp-content\/uploads\/2024\/12\/Logo-K-immobilier-Baseline-Blanc-2048x1572.png 2048w\" sizes=\"(max-width: 4168px) 100vw, 4168px\" \/>\t\t\t\t\t\t\t\t<\/a>\n\t\t\t\t\t\t\t\t\t\t\t\t\t<\/div>\n\t\t\t\t<\/div>\n\t\t\t\t<\/div>\n\t\t<div class=\"elementor-element elementor-element-23e2005 e-grid e-con-full elementor-hidden-tablet elementor-hidden-mobile e-con e-child\" data-id=\"23e2005\" data-element_type=\"container\">\n\t\t\t\t<div class=\"elementor-element elementor-element-939c1a8 elementor-widget elementor-widget-image\" data-id=\"939c1a8\" data-element_type=\"widget\" data-widget_type=\"image.default\">\n\t\t\t\t<div class=\"elementor-widget-container\">\n\t\t\t\t\t\t\t\t\t\t\t\t\t\t<a href=\"https:\/\/kesslersa.ch\/\" target=\"_blank\">\n\t\t\t\t\t\t\t<img fetchpriority=\"high\" decoding=\"async\" width=\"4168\" height=\"1392\" src=\"https:\/\/groupek.ch\/wp-content\/uploads\/2023\/11\/Logo-Kessler-Baseline-Blanc.png\" class=\"attachment-full size-full wp-image-461\" alt=\"\" srcset=\"https:\/\/groupek.ch\/wp-content\/uploads\/2023\/11\/Logo-Kessler-Baseline-Blanc.png 4168w, https:\/\/groupek.ch\/wp-content\/uploads\/2023\/11\/Logo-Kessler-Baseline-Blanc-300x100.png 300w, https:\/\/groupek.ch\/wp-content\/uploads\/2023\/11\/Logo-Kessler-Baseline-Blanc-1024x342.png 1024w, https:\/\/groupek.ch\/wp-content\/uploads\/2023\/11\/Logo-Kessler-Baseline-Blanc-768x256.png 768w, https:\/\/groupek.ch\/wp-content\/uploads\/2023\/11\/Logo-Kessler-Baseline-Blanc-1536x513.png 1536w, https:\/\/groupek.ch\/wp-content\/uploads\/2023\/11\/Logo-Kessler-Baseline-Blanc-2048x684.png 2048w\" sizes=\"(max-width: 4168px) 100vw, 4168px\" \/>\t\t\t\t\t\t\t\t<\/a>\n\t\t\t\t\t\t\t\t\t\t\t\t\t<\/div>\n\t\t\t\t<\/div>\n\t\t\t\t<div class=\"elementor-element elementor-element-9a16d1f elementor-widget elementor-widget-image\" data-id=\"9a16d1f\" data-element_type=\"widget\" data-widget_type=\"image.default\">\n\t\t\t\t<div class=\"elementor-widget-container\">\n\t\t\t\t\t\t\t\t\t\t\t\t\t\t<a href=\"https:\/\/kcom.ch\/\" target=\"_blank\">\n\t\t\t\t\t\t\t<img decoding=\"async\" width=\"553\" height=\"292\" src=\"https:\/\/groupek.ch\/wp-content\/uploads\/2023\/11\/K-com-web-blanc.png\" class=\"attachment-full size-full wp-image-106\" alt=\"\" srcset=\"https:\/\/groupek.ch\/wp-content\/uploads\/2023\/11\/K-com-web-blanc.png 553w, https:\/\/groupek.ch\/wp-content\/uploads\/2023\/11\/K-com-web-blanc-300x158.png 300w\" sizes=\"(max-width: 553px) 100vw, 553px\" \/>\t\t\t\t\t\t\t\t<\/a>\n\t\t\t\t\t\t\t\t\t\t\t\t\t<\/div>\n\t\t\t\t<\/div>\n\t\t\t\t<div class=\"elementor-element elementor-element-75bdd14 elementor-widget elementor-widget-image\" data-id=\"75bdd14\" data-element_type=\"widget\" data-widget_type=\"image.default\">\n\t\t\t\t<div class=\"elementor-widget-container\">\n\t\t\t\t\t\t\t\t\t\t\t\t\t\t<a href=\"https:\/\/vilarel.ch\/\" target=\"_blank\">\n\t\t\t\t\t\t\t<img decoding=\"async\" width=\"553\" height=\"292\" src=\"https:\/\/groupek.ch\/wp-content\/uploads\/2023\/11\/vilarel-web-blanc.png\" class=\"attachment-full size-full wp-image-108\" alt=\"\" srcset=\"https:\/\/groupek.ch\/wp-content\/uploads\/2023\/11\/vilarel-web-blanc.png 553w, https:\/\/groupek.ch\/wp-content\/uploads\/2023\/11\/vilarel-web-blanc-300x158.png 300w\" sizes=\"(max-width: 553px) 100vw, 553px\" \/>\t\t\t\t\t\t\t\t<\/a>\n\t\t\t\t\t\t\t\t\t\t\t\t\t<\/div>\n\t\t\t\t<\/div>\n\t\t\t\t<div class=\"elementor-element elementor-element-f77f0cc elementor-widget elementor-widget-image\" data-id=\"f77f0cc\" data-element_type=\"widget\" data-widget_type=\"image.default\">\n\t\t\t\t<div class=\"elementor-widget-container\">\n\t\t\t\t\t\t\t\t\t\t\t\t\t\t<a href=\"https:\/\/pfksarl.ch\/\" target=\"_blank\">\n\t\t\t\t\t\t\t<img loading=\"lazy\" decoding=\"async\" width=\"553\" height=\"292\" src=\"https:\/\/groupek.ch\/wp-content\/uploads\/2023\/11\/PFK-web-blanc.png\" class=\"attachment-full size-full wp-image-107\" alt=\"\" srcset=\"https:\/\/groupek.ch\/wp-content\/uploads\/2023\/11\/PFK-web-blanc.png 553w, https:\/\/groupek.ch\/wp-content\/uploads\/2023\/11\/PFK-web-blanc-300x158.png 300w\" sizes=\"(max-width: 553px) 100vw, 553px\" \/>\t\t\t\t\t\t\t\t<\/a>\n\t\t\t\t\t\t\t\t\t\t\t\t\t<\/div>\n\t\t\t\t<\/div>\n\t\t\t\t<div class=\"elementor-element elementor-element-406583b elementor-widget elementor-widget-image\" data-id=\"406583b\" data-element_type=\"widget\" data-widget_type=\"image.default\">\n\t\t\t\t<div class=\"elementor-widget-container\">\n\t\t\t\t\t\t\t\t\t\t\t\t\t\t<a href=\"https:\/\/kimmobilier.ch\/\" target=\"_blank\">\n\t\t\t\t\t\t\t<img loading=\"lazy\" decoding=\"async\" width=\"4168\" height=\"3200\" src=\"https:\/\/groupek.ch\/wp-content\/uploads\/2024\/12\/Logo-K-immobilier-Baseline-Blanc.png\" class=\"attachment-full size-full wp-image-495\" alt=\"\" srcset=\"https:\/\/groupek.ch\/wp-content\/uploads\/2024\/12\/Logo-K-immobilier-Baseline-Blanc.png 4168w, https:\/\/groupek.ch\/wp-content\/uploads\/2024\/12\/Logo-K-immobilier-Baseline-Blanc-300x230.png 300w, https:\/\/groupek.ch\/wp-content\/uploads\/2024\/12\/Logo-K-immobilier-Baseline-Blanc-1024x786.png 1024w, https:\/\/groupek.ch\/wp-content\/uploads\/2024\/12\/Logo-K-immobilier-Baseline-Blanc-768x590.png 768w, https:\/\/groupek.ch\/wp-content\/uploads\/2024\/12\/Logo-K-immobilier-Baseline-Blanc-1536x1179.png 1536w, https:\/\/groupek.ch\/wp-content\/uploads\/2024\/12\/Logo-K-immobilier-Baseline-Blanc-2048x1572.png 2048w\" sizes=\"(max-width: 4168px) 100vw, 4168px\" \/>\t\t\t\t\t\t\t\t<\/a>\n\t\t\t\t\t\t\t\t\t\t\t\t\t<\/div>\n\t\t\t\t<\/div>\n\t\t\t\t<\/div>\n\t\t\t\t<div class=\"elementor-element elementor-element-fd5ffc6 elementor-widget elementor-widget-text-editor\" data-id=\"fd5ffc6\" data-element_type=\"widget\" data-widget_type=\"text-editor.default\">\n\t\t\t\t<div class=\"elementor-widget-container\">\n\t\t\t\t\t\t\t<p>D\u00e9sirant offrir des comp\u00e9tences pluridisciplinaires, nos diff\u00e9rentes entit\u00e9s proposent des services sur mesure <br \/>et compl\u00e9mentaires dans les domaines de l\u2019architecture, l\u2019entreprise totale et la menuiserie.<\/p>\t\t\t\t\t\t<\/div>\n\t\t\t\t<\/div>\n\t\t\t\t\t<\/div>\n\t\t\t\t<\/div>\n\t\t\t\t<\/div>\n\t\t","protected":false},"excerpt":{"rendered":"<p>Le Groupe K comprend diff\u00e9rentes entreprises sp\u00e9cialis\u00e9es dans l\u2019\u00e9laboration, la construction, la r\u00e9novation et la r\u00e9alisation du b\u00e2timent. D\u00e9sirant offrir des comp\u00e9tences pluridisciplinaires, nos diff\u00e9rentes entit\u00e9s proposent des services sur mesure et compl\u00e9mentaires dans les domaines de l\u2019architecture, l\u2019entreprise totale et la menuiserie.<\/p>\n","protected":false},"author":1,"featured_media":0,"parent":0,"menu_order":0,"comment_status":"closed","ping_status":"closed","template":"elementor_theme","meta":{"footnotes":""},"class_list":["post-22","page","type-page","status-publish","hentry"],"yoast_head":"<!-- This site is optimized with the Yoast SEO plugin v24.0 - https:\/\/yoast.com\/wordpress\/plugins\/seo\/ -->\n<title>Accueil - Groupe K<\/title>\n<meta name=\"robots\" content=\"index, follow, max-snippet:-1, max-image-preview:large, max-video-preview:-1\" \/>\n<link rel=\"canonical\" href=\"https:\/\/groupek.ch\/\" \/>\n<meta property=\"og:locale\" content=\"fr_FR\" \/>\n<meta property=\"og:type\" content=\"article\" \/>\n<meta property=\"og:title\" content=\"Accueil - Groupe K\" \/>\n<meta property=\"og:description\" content=\"Le Groupe K comprend diff\u00e9rentes entreprises sp\u00e9cialis\u00e9es dans l\u2019\u00e9laboration, la construction, la r\u00e9novation et la r\u00e9alisation du b\u00e2timent. D\u00e9sirant offrir des comp\u00e9tences pluridisciplinaires, nos diff\u00e9rentes entit\u00e9s proposent des services sur mesure et compl\u00e9mentaires dans les domaines de l\u2019architecture, l\u2019entreprise totale et la menuiserie.\" \/>\n<meta property=\"og:url\" content=\"https:\/\/groupek.ch\/\" \/>\n<meta property=\"og:site_name\" content=\"Groupe K\" \/>\n<meta property=\"article:modified_time\" content=\"2024-12-10T09:35:08+00:00\" \/>\n<meta property=\"og:image\" content=\"https:\/\/groupek.ch\/wp-content\/uploads\/2023\/11\/Logo-Kessler-Baseline-Blanc.png\" \/>\n<meta name=\"twitter:card\" content=\"summary_large_image\" \/>\n<meta name=\"twitter:label1\" content=\"Dur\u00e9e de lecture estim\u00e9e\" \/>\n\t<meta name=\"twitter:data1\" content=\"3 minutes\" \/>\n<script type=\"application\/ld+json\" class=\"yoast-schema-graph\">{\"@context\":\"https:\/\/schema.org\",\"@graph\":[{\"@type\":\"WebPage\",\"@id\":\"https:\/\/groupek.ch\/\",\"url\":\"https:\/\/groupek.ch\/\",\"name\":\"Accueil - Groupe K\",\"isPartOf\":{\"@id\":\"https:\/\/groupek.ch\/#website\"},\"primaryImageOfPage\":{\"@id\":\"https:\/\/groupek.ch\/#primaryimage\"},\"image\":{\"@id\":\"https:\/\/groupek.ch\/#primaryimage\"},\"thumbnailUrl\":\"https:\/\/groupek.ch\/wp-content\/uploads\/2023\/11\/Logo-Kessler-Baseline-Blanc.png\",\"datePublished\":\"2023-11-17T12:17:07+00:00\",\"dateModified\":\"2024-12-10T09:35:08+00:00\",\"breadcrumb\":{\"@id\":\"https:\/\/groupek.ch\/#breadcrumb\"},\"inLanguage\":\"fr-FR\",\"potentialAction\":[{\"@type\":\"ReadAction\",\"target\":[\"https:\/\/groupek.ch\/\"]}]},{\"@type\":\"ImageObject\",\"inLanguage\":\"fr-FR\",\"@id\":\"https:\/\/groupek.ch\/#primaryimage\",\"url\":\"https:\/\/groupek.ch\/wp-content\/uploads\/2023\/11\/Logo-Kessler-Baseline-Blanc.png\",\"contentUrl\":\"https:\/\/groupek.ch\/wp-content\/uploads\/2023\/11\/Logo-Kessler-Baseline-Blanc.png\",\"width\":4168,\"height\":1392},{\"@type\":\"BreadcrumbList\",\"@id\":\"https:\/\/groupek.ch\/#breadcrumb\",\"itemListElement\":[{\"@type\":\"ListItem\",\"position\":1,\"name\":\"Accueil\",\"item\":\"https:\/\/groupek.ch\/\"},{\"@type\":\"ListItem\",\"position\":2,\"name\":\"Accueil\"}]},{\"@type\":\"WebSite\",\"@id\":\"https:\/\/groupek.ch\/#website\",\"url\":\"https:\/\/groupek.ch\/\",\"name\":\"Kcom \u2013 entreprise g\u00e9n\u00e9rale\",\"description\":\"\",\"potentialAction\":[{\"@type\":\"SearchAction\",\"target\":{\"@type\":\"EntryPoint\",\"urlTemplate\":\"https:\/\/groupek.ch\/?s={search_term_string}\"},\"query-input\":{\"@type\":\"PropertyValueSpecification\",\"valueRequired\":true,\"valueName\":\"search_term_string\"}}],\"inLanguage\":\"fr-FR\"}]}<\/script>\n<!-- \/ Yoast SEO plugin. -->","yoast_head_json":{"title":"Accueil - Groupe K","robots":{"index":"index","follow":"follow","max-snippet":"max-snippet:-1","max-image-preview":"max-image-preview:large","max-video-preview":"max-video-preview:-1"},"canonical":"https:\/\/groupek.ch\/","og_locale":"fr_FR","og_type":"article","og_title":"Accueil - Groupe K","og_description":"Le Groupe K comprend diff\u00e9rentes entreprises sp\u00e9cialis\u00e9es dans l\u2019\u00e9laboration, la construction, la r\u00e9novation et la r\u00e9alisation du b\u00e2timent. D\u00e9sirant offrir des comp\u00e9tences pluridisciplinaires, nos diff\u00e9rentes entit\u00e9s proposent des services sur mesure et compl\u00e9mentaires dans les domaines de l\u2019architecture, l\u2019entreprise totale et la menuiserie.","og_url":"https:\/\/groupek.ch\/","og_site_name":"Groupe K","article_modified_time":"2024-12-10T09:35:08+00:00","og_image":[{"url":"https:\/\/groupek.ch\/wp-content\/uploads\/2023\/11\/Logo-Kessler-Baseline-Blanc.png","type":"","width":"","height":""}],"twitter_card":"summary_large_image","twitter_misc":{"Dur\u00e9e de lecture estim\u00e9e":"3 minutes"},"schema":{"@context":"https:\/\/schema.org","@graph":[{"@type":"WebPage","@id":"https:\/\/groupek.ch\/","url":"https:\/\/groupek.ch\/","name":"Accueil - Groupe K","isPartOf":{"@id":"https:\/\/groupek.ch\/#website"},"primaryImageOfPage":{"@id":"https:\/\/groupek.ch\/#primaryimage"},"image":{"@id":"https:\/\/groupek.ch\/#primaryimage"},"thumbnailUrl":"https:\/\/groupek.ch\/wp-content\/uploads\/2023\/11\/Logo-Kessler-Baseline-Blanc.png","datePublished":"2023-11-17T12:17:07+00:00","dateModified":"2024-12-10T09:35:08+00:00","breadcrumb":{"@id":"https:\/\/groupek.ch\/#breadcrumb"},"inLanguage":"fr-FR","potentialAction":[{"@type":"ReadAction","target":["https:\/\/groupek.ch\/"]}]},{"@type":"ImageObject","inLanguage":"fr-FR","@id":"https:\/\/groupek.ch\/#primaryimage","url":"https:\/\/groupek.ch\/wp-content\/uploads\/2023\/11\/Logo-Kessler-Baseline-Blanc.png","contentUrl":"https:\/\/groupek.ch\/wp-content\/uploads\/2023\/11\/Logo-Kessler-Baseline-Blanc.png","width":4168,"height":1392},{"@type":"BreadcrumbList","@id":"https:\/\/groupek.ch\/#breadcrumb","itemListElement":[{"@type":"ListItem","position":1,"name":"Accueil","item":"https:\/\/groupek.ch\/"},{"@type":"ListItem","position":2,"name":"Accueil"}]},{"@type":"WebSite","@id":"https:\/\/groupek.ch\/#website","url":"https:\/\/groupek.ch\/","name":"Kcom \u2013 entreprise g\u00e9n\u00e9rale","description":"","potentialAction":[{"@type":"SearchAction","target":{"@type":"EntryPoint","urlTemplate":"https:\/\/groupek.ch\/?s={search_term_string}"},"query-input":{"@type":"PropertyValueSpecification","valueRequired":true,"valueName":"search_term_string"}}],"inLanguage":"fr-FR"}]}},"_links":{"self":[{"href":"https:\/\/groupek.ch\/index.php?rest_route=\/wp\/v2\/pages\/22","targetHints":{"allow":["GET"]}}],"collection":[{"href":"https:\/\/groupek.ch\/index.php?rest_route=\/wp\/v2\/pages"}],"about":[{"href":"https:\/\/groupek.ch\/index.php?rest_route=\/wp\/v2\/types\/page"}],"author":[{"embeddable":true,"href":"https:\/\/groupek.ch\/index.php?rest_route=\/wp\/v2\/users\/1"}],"replies":[{"embeddable":true,"href":"https:\/\/groupek.ch\/index.php?rest_route=%2Fwp%2Fv2%2Fcomments&post=22"}],"version-history":[{"count":99,"href":"https:\/\/groupek.ch\/index.php?rest_route=\/wp\/v2\/pages\/22\/revisions"}],"predecessor-version":[{"id":575,"href":"https:\/\/groupek.ch\/index.php?rest_route=\/wp\/v2\/pages\/22\/revisions\/575"}],"wp:attachment":[{"href":"https:\/\/groupek.ch\/index.php?rest_route=%2Fwp%2Fv2%2Fmedia&parent=22"}],"curies":[{"name":"wp","href":"https:\/\/api.w.org\/{rel}","templated":true}]}}